{"id":10105,"date":"2020-06-01T09:44:23","date_gmt":"2020-06-01T07:44:23","guid":{"rendered":"https:\/\/konoba.at\/product\/import-placeholder-for-10056\/"},"modified":"2025-11-02T16:05:10","modified_gmt":"2025-11-02T15:05:10","slug":"plata-konoba","status":"publish","type":"product","link":"https:\/\/konoba.at\/de\/produkt\/plata-konoba\/","title":{"rendered":"plata \u201ekonoba\u201c"},"content":{"rendered":"<p>Prosciutto, K\u00e4se, Oliven, Artischocken, getr.Tomaten,<\/p>\n<p>Schafk\u00e4se, gebr.Paprika, Weinbl\u00e4tter, f\u00fcr 2 Pers.<\/p>\n","protected":false},"excerpt":{"rendered":"<p>Prosciutto, K\u00e4se, Oliven, Artischocken, getr.Tomaten, Schafk\u00e4se, gebr.Paprika, Weinbl\u00e4tter, f\u00fcr 2 Pers.<\/p>\n","protected":false},"featured_media":10130,"template":"","meta":{"_monsterinsights_skip_tracking":false,"_monsterinsights_sitenote_active":false,"_monsterinsights_sitenote_note":"","_monsterinsights_sitenote_category":0},"product_cat":[31],"product_tag":[],"_links":{"self":[{"href":"https:\/\/konoba.at\/de\/wp-json\/wp\/v2\/product\/10105"}],"collection":[{"href":"https:\/\/konoba.at\/de\/wp-json\/wp\/v2\/product"}],"about":[{"href":"https:\/\/konoba.at\/de\/wp-json\/wp\/v2\/types\/product"}],"wp:featuredmedia":[{"embeddable":true,"href":"https:\/\/konoba.at\/de\/wp-json\/wp\/v2\/media\/10130"}],"wp:attachment":[{"href":"https:\/\/konoba.at\/de\/wp-json\/wp\/v2\/media?parent=10105"}],"wp:term":[{"taxonomy":"product_cat","embeddable":true,"href":"https:\/\/konoba.at\/de\/wp-json\/wp\/v2\/product_cat?post=10105"},{"taxonomy":"product_tag","embeddable":true,"href":"https:\/\/konoba.at\/de\/wp-json\/wp\/v2\/product_tag?post=10105"}],"curies":[{"name":"wp","href":"https:\/\/api.w.org\/{rel}","templated":true}]}}