{"id":9673,"date":"2019-09-17T10:06:58","date_gmt":"2019-09-17T08:06:58","guid":{"rendered":"http:\/\/konoba.at\/vitrine\/"},"modified":"2021-01-19T06:14:24","modified_gmt":"2021-01-19T05:14:24","slug":"vitrine","status":"publish","type":"page","link":"https:\/\/konoba.at\/de\/vitrine\/","title":{"rendered":"Vitrine"},"content":{"rendered":"<div class=\"wpb-content-wrapper\"><p>[vc_row full_width=&#8220;stretch_row_content&#8220; min_height=&#8220;50&#8243; min_height_units=&#8220;vh&#8220; parallax=&#8220;cesis_parallax&#8220; parallax_image=&#8220;81&#8243; cesis_parallax_speed=&#8220;1.2&#8243; cesis_content_effect=&#8220;cesis_row_e_fade_stick&#8220; cesis_content_effect_depth=&#8220;0.7&#8243; content_placement=&#8220;middle&#8220; css=&#8220;.vc_custom_1573550547832{padding-top: 40px !important;padding-bottom: 40px !important;background-image: url(http:\/\/konoba.at\/wp-content\/uploads\/2019\/09\/6.jpg?id=9444) !important;background-position: center;background-repeat: no-repeat !important;background-size: cover !important;}&#8220;][vc_column][\/vc_column][\/vc_row][vc_row full_width=&#8220;stretch_row&#8220; equal_height=&#8220;yes&#8220; css=&#8220;.vc_custom_1527537707237{margin-top: 5vw !important;margin-bottom: 5vw !important;}&#8220;][vc_column css=&#8220;.vc_custom_1527538092237{padding-right: 2vw !important;}&#8220;][vc_custom_heading text=&#8220;Vitrine&#8220; font_container=&#8220;tag:h2|font_size:22|text_align:left|line_height:24px&#8220; text_transform=&#8220;cesis_text_transform_uppercase&#8220; letter_spacing=&#8220;2.6&#8243; use_theme_fonts=&#8220;yes&#8220; css=&#8220;.vc_custom_1574075630416{margin-bottom: 35px !important;border-left-width: 0px !important;border-left-style: solid !important;}&#8220;][vc_column_text font_color=&#8220;#000000&#8243;]Zus\u00e4tzlich zu unserer Speisekarte finden Sie hier eine Auswahl an t\u00e4glich frischen Spezialit\u00e4ten aus unserer <span style=\"color: #f47c3b;\">Vitrine<\/span>. Nat\u00fcrlich erf\u00fcllen wir auch Ihre besonderen W\u00fcnsche nach allem, was das Meer zu bieten hat, wobei wir Sie, um optimale Frische garantieren zu k\u00f6nnen, um eine <a href=\"mailto:reservierung@konoba.at\">Vorbestellung<\/a> bitten.<\/p>\n<div id=\"gtx-trans\" style=\"position: absolute; left: 189px; top: 14px;\">\n<div class=\"gtx-trans-icon\"><\/div>\n<\/div>\n<p>[\/vc_column_text][cesis_gallery images=&#8220;9776,9768,9766,9770,9774,9772&#8243; img_size=&#8220;large&#8220; col=&#8220;3&#8243; padding=&#8220;20&#8243; margin_top=&#8220;20&#8243; margin_bottom=&#8220;20&#8243;][\/vc_column][\/vc_row]<\/p>\n<\/div>","protected":false},"excerpt":{"rendered":"<p>[vc_row full_width=&#8220;stretch_row_content&#8220; min_height=&#8220;50&#8243; min_height_units=&#8220;vh&#8220; parallax=&#8220;cesis_parallax&#8220; parallax_image=&#8220;81&#8243; cesis_parallax_speed=&#8220;1.2&#8243; cesis_content_effect=&#8220;cesis_row_e_fade_stick&#8220; cesis_content_effect_depth=&#8220;0.7&#8243; content_placement=&#8220;middle&#8220; css=&#8220;.vc_custom_1573550547832{padding-top: 40px !important;padding-bottom: 40px !important;background-image: url(http:\/\/konoba.at\/wp-content\/uploads\/2019\/09\/6.jpg?id=9444) !important;background-position: center;background-repeat: no-repeat !important;background-size: cover !important;}&#8220;][vc_column][\/vc_column][\/vc_row][vc_row full_width=&#8220;stretch_row&#8220; equal_height=&#8220;yes&#8220; css=&#8220;.vc_custom_1527537707237{margin-top: 5vw !important;margin-bottom: 5vw !important;}&#8220;][vc_column css=&#8220;.vc_custom_1527538092237{padding-right: 2vw !important;}&#8220;][vc_custom_heading text=&#8220;Vitrine&#8220; font_container=&#8220;tag:h2|font_size:22|text_align:left|line_height:24px&#8220; text_transform=&#8220;cesis_text_transform_uppercase&#8220; letter_spacing=&#8220;2.6&#8243; use_theme_fonts=&#8220;yes&#8220; css=&#8220;.vc_custom_1574075630416{margin-bottom: 35px !important;border-left-width: 0px !important;border-left-style: solid !important;}&#8220;][vc_column_text font_color=&#8220;#000000&#8243;]Zus\u00e4tzlich zu unserer Speisekarte finden Sie hier eine Auswahl an t\u00e4glich [&hellip;]<\/p>\n","protected":false},"author":1,"featured_media":0,"parent":0,"menu_order":30,"comment_status":"closed","ping_status":"closed","template":"","meta":{"_monsterinsights_skip_tracking":false,"_monsterinsights_sitenote_active":false,"_monsterinsights_sitenote_note":"","_monsterinsights_sitenote_category":0,"footnotes":""},"_links":{"self":[{"href":"https:\/\/konoba.at\/de\/wp-json\/wp\/v2\/pages\/9673"}],"collection":[{"href":"https:\/\/konoba.at\/de\/wp-json\/wp\/v2\/pages"}],"about":[{"href":"https:\/\/konoba.at\/de\/wp-json\/wp\/v2\/types\/page"}],"author":[{"embeddable":true,"href":"https:\/\/konoba.at\/de\/wp-json\/wp\/v2\/users\/1"}],"replies":[{"embeddable":true,"href":"https:\/\/konoba.at\/de\/wp-json\/wp\/v2\/comments?post=9673"}],"version-history":[{"count":11,"href":"https:\/\/konoba.at\/de\/wp-json\/wp\/v2\/pages\/9673\/revisions"}],"predecessor-version":[{"id":9781,"href":"https:\/\/konoba.at\/de\/wp-json\/wp\/v2\/pages\/9673\/revisions\/9781"}],"wp:attachment":[{"href":"https:\/\/konoba.at\/de\/wp-json\/wp\/v2\/media?parent=9673"}],"curies":[{"name":"wp","href":"https:\/\/api.w.org\/{rel}","templated":true}]}}