{"id":9657,"date":"2019-09-17T09:59:46","date_gmt":"2019-09-17T07:59:46","guid":{"rendered":"http:\/\/konoba.at\/food-and-wine\/"},"modified":"2026-01-17T10:44:23","modified_gmt":"2026-01-17T09:44:23","slug":"speisekarte-und-weinkarte","status":"publish","type":"page","link":"https:\/\/konoba.at\/de\/speisekarte-und-weinkarte\/","title":{"rendered":"Speisekarte &#038; Weinkarte"},"content":{"rendered":"<div class=\"wpb-content-wrapper\"><p>[vc_row full_width=&#8220;stretch_row_content&#8220; min_height=&#8220;50&#8243; min_height_units=&#8220;vh&#8220; parallax=&#8220;cesis_parallax&#8220; parallax_image=&#8220;81&#8243; cesis_parallax_speed=&#8220;1.2&#8243; cesis_content_effect=&#8220;cesis_row_e_fade_stick&#8220; cesis_content_effect_depth=&#8220;0.7&#8243; content_placement=&#8220;middle&#8220; css=&#8220;.vc_custom_1571917970811{padding-top: 40px !important;padding-bottom: 40px !important;background-image: url(http:\/\/konoba.at\/wp-content\/uploads\/2019\/10\/fw-bg1920.jpg?id=9586) !important;background-position: center;background-repeat: no-repeat;background-size:cover !important;}&#8220;][vc_column][\/vc_column][\/vc_row][vc_row full_width=&#8220;stretch_row&#8220; equal_height=&#8220;yes&#8220; css=&#8220;.vc_custom_1571915123979{margin-top: 5vw !important;margin-right: 5vw !important;margin-bottom: 5vw !important;margin-left: 5vw !important;}&#8220;][vc_column css=&#8220;.vc_custom_1527538092237{padding-right: 2vw !important;}&#8220;][vc_custom_heading text=&#8220;Speisekarte &amp; Weinkarte&#8220; font_container=&#8220;tag:h2|font_size:22|text_align:left|line_height:24px&#8220; text_transform=&#8220;cesis_text_transform_uppercase&#8220; letter_spacing=&#8220;2.6&#8243; use_theme_fonts=&#8220;yes&#8220; css=&#8220;.vc_custom_1574075630416{margin-bottom: 35px !important;border-left-width: 0px !important;border-left-style: solid !important;}&#8220;][vc_column_text font_color=&#8220;#0a0a0a&#8220;]Nach einigen Jahren Restaurantf\u00fchrung stellte sich uns die Frage, wie wir weitermachen wollen. Um unseren G\u00e4sten eine noch umfassendere Qualit\u00e4t anbieten zu k\u00f6nnen, haben wir mehrere <span style=\"color: #f47c3b;\">Winzer in Kroatien besucht<\/span>. Wir w\u00e4hlten jene Weine f\u00fcr den Import aus, die sorgf\u00e4ltig und seit Generationen im Kreis der eigenen Familie auf hochqualitative Weise produziert wurden. Diese erlesenen Weine k\u00f6nnen bereits in unserem Restaurant verkostet und nat\u00fcrlich auch mitgenommen werden.<\/p>\n<p>&nbsp;<\/p>\n<p>Bei konoba w\u00e4hlen wir immer lokale und nachhaltige Produkte, wenn die Option da ist.Das Fischangebot \u00e4ndert sich auf t\u00e4glicher Basis. Das Restaurant ist Montag bis Samstag von 17:00 bis 23:00 Uhr ge\u00f6ffnet. Bitte informieren Sie Ihren Kellner \u00fcber Ihre Lebensmittelunvertr\u00e4glichkeiten.<\/p>\n<p>Hier k\u00f6nnen Sie unsere <a href=\"https:\/\/app.resmio.com\/konoba-restaurant\/menu-widget?source=https%3A%2F%2Fapp.resmio.com%2Fkonoba-restaurant%2Fsettings%2Fintegration%2Fmenu_widget&amp;ratio=16%3A9&amp;line_color=%23CCCCCC&amp;text_color=%235c7d71&amp;colorTheme=2&amp;error_color=%23E62C4F&amp;alert_color=%23F8C150&amp;primary_color=%235c7d71&amp;background_color=%23FFFFFF&amp;gradient_top_color=%235c7d71&amp;gradient_bottom_color=%23FFFFFF&amp;menu_color=%23F7F7F7&amp;fontSize=14px&amp;newsletter_signup=true\" target=\"_blank\" rel=\"noopener\">Speisekarte<\/a>\u00a0einsehen.<\/p>\n<div id=\"gtx-trans\" style=\"position: absolute; left: 283px; top: 38px;\">\n<div class=\"gtx-trans-icon\"><\/div>\n<\/div>\n<p>[\/vc_column_text][\/vc_column][\/vc_row]<\/p>\n<\/div>","protected":false},"excerpt":{"rendered":"<p>[vc_row full_width=&#8220;stretch_row_content&#8220; min_height=&#8220;50&#8243; min_height_units=&#8220;vh&#8220; parallax=&#8220;cesis_parallax&#8220; parallax_image=&#8220;81&#8243; cesis_parallax_speed=&#8220;1.2&#8243; cesis_content_effect=&#8220;cesis_row_e_fade_stick&#8220; cesis_content_effect_depth=&#8220;0.7&#8243; content_placement=&#8220;middle&#8220; css=&#8220;.vc_custom_1571917970811{padding-top: 40px !important;padding-bottom: 40px !important;background-image: url(http:\/\/konoba.at\/wp-content\/uploads\/2019\/10\/fw-bg1920.jpg?id=9586) !important;background-position: center;background-repeat: no-repeat;background-size:cover !important;}&#8220;][vc_column][\/vc_column][\/vc_row][vc_row full_width=&#8220;stretch_row&#8220; equal_height=&#8220;yes&#8220; css=&#8220;.vc_custom_1571915123979{margin-top: 5vw !important;margin-right: 5vw !important;margin-bottom: 5vw !important;margin-left: 5vw !important;}&#8220;][vc_column css=&#8220;.vc_custom_1527538092237{padding-right: 2vw !important;}&#8220;][vc_custom_heading text=&#8220;Speisekarte &amp; Weinkarte&#8220; font_container=&#8220;tag:h2|font_size:22|text_align:left|line_height:24px&#8220; text_transform=&#8220;cesis_text_transform_uppercase&#8220; letter_spacing=&#8220;2.6&#8243; use_theme_fonts=&#8220;yes&#8220; css=&#8220;.vc_custom_1574075630416{margin-bottom: 35px !important;border-left-width: 0px !important;border-left-style: solid !important;}&#8220;][vc_column_text font_color=&#8220;#0a0a0a&#8220;]Nach einigen Jahren Restaurantf\u00fchrung stellte sich uns [&hellip;]<\/p>\n","protected":false},"author":1,"featured_media":0,"parent":0,"menu_order":13,"comment_status":"closed","ping_status":"closed","template":"","meta":{"_monsterinsights_skip_tracking":false,"_monsterinsights_sitenote_active":false,"_monsterinsights_sitenote_note":"","_monsterinsights_sitenote_category":0,"footnotes":""},"_links":{"self":[{"href":"https:\/\/konoba.at\/de\/wp-json\/wp\/v2\/pages\/9657"}],"collection":[{"href":"https:\/\/konoba.at\/de\/wp-json\/wp\/v2\/pages"}],"about":[{"href":"https:\/\/konoba.at\/de\/wp-json\/wp\/v2\/types\/page"}],"author":[{"embeddable":true,"href":"https:\/\/konoba.at\/de\/wp-json\/wp\/v2\/users\/1"}],"replies":[{"embeddable":true,"href":"https:\/\/konoba.at\/de\/wp-json\/wp\/v2\/comments?post=9657"}],"version-history":[{"count":17,"href":"https:\/\/konoba.at\/de\/wp-json\/wp\/v2\/pages\/9657\/revisions"}],"predecessor-version":[{"id":24388,"href":"https:\/\/konoba.at\/de\/wp-json\/wp\/v2\/pages\/9657\/revisions\/24388"}],"wp:attachment":[{"href":"https:\/\/konoba.at\/de\/wp-json\/wp\/v2\/media?parent=9657"}],"curies":[{"name":"wp","href":"https:\/\/api.w.org\/{rel}","templated":true}]}}